{"id":102,"date":"2012-05-11T15:07:21","date_gmt":"2012-05-11T18:07:21","guid":{"rendered":"http:\/\/gelson.borsoi.com.br\/?page_id=102"},"modified":"2025-06-16T15:31:08","modified_gmt":"2025-06-16T18:31:08","slug":"contato","status":"publish","type":"page","link":"https:\/\/gelson.borsoi.com.br\/?page_id=102","title":{"rendered":"Contato"},"content":{"rendered":"<p>Se algu\u00e9m precisar entrar em contato comigo pode faz\u00ea-lo de 3 maneiras:<\/p>\n<p>Deixar um coment\u00e1rio em qualquer post deste site;<br \/>\nLigar para (49) 99987-1947 ou 3361-9100;<br \/>\nE-mail para <a title=\"Email\" href=\"mailto:rodeios@borsoi.com.br\">Clicando Aqui<\/a><\/p>\n","protected":false},"excerpt":{"rendered":"<p>Se algu\u00e9m precisar entrar em contato comigo pode faz\u00ea-lo de 3 maneiras: Deixar um coment\u00e1rio em qualquer post deste site; Ligar para (49) 99987-1947 ou 3361-9100; E-mail para Clicando Aqui<\/p>\n","protected":false},"author":1,"featured_media":0,"parent":0,"menu_order":0,"comment_status":"open","ping_status":"open","template":"","meta":{"_monsterinsights_skip_tracking":false,"_monsterinsights_sitenote_active":false,"_monsterinsights_sitenote_note":"","_monsterinsights_sitenote_category":0,"footnotes":""},"class_list":["post-102","page","type-page","status-publish","hentry"],"_links":{"self":[{"href":"https:\/\/gelson.borsoi.com.br\/index.php?rest_route=\/wp\/v2\/pages\/102","targetHints":{"allow":["GET"]}}],"collection":[{"href":"https:\/\/gelson.borsoi.com.br\/index.php?rest_route=\/wp\/v2\/pages"}],"about":[{"href":"https:\/\/gelson.borsoi.com.br\/index.php?rest_route=\/wp\/v2\/types\/page"}],"author":[{"embeddable":true,"href":"https:\/\/gelson.borsoi.com.br\/index.php?rest_route=\/wp\/v2\/users\/1"}],"replies":[{"embeddable":true,"href":"https:\/\/gelson.borsoi.com.br\/index.php?rest_route=%2Fwp%2Fv2%2Fcomments&post=102"}],"version-history":[{"count":2,"href":"https:\/\/gelson.borsoi.com.br\/index.php?rest_route=\/wp\/v2\/pages\/102\/revisions"}],"predecessor-version":[{"id":943,"href":"https:\/\/gelson.borsoi.com.br\/index.php?rest_route=\/wp\/v2\/pages\/102\/revisions\/943"}],"wp:attachment":[{"href":"https:\/\/gelson.borsoi.com.br\/index.php?rest_route=%2Fwp%2Fv2%2Fmedia&parent=102"}],"curies":[{"name":"wp","href":"https:\/\/api.w.org\/{rel}","templated":true}]}}