{"id":134,"date":"2013-10-21T13:25:41","date_gmt":"2013-10-21T16:25:41","guid":{"rendered":"http:\/\/gelson.borsoi.com.br\/?page_id=134"},"modified":"2025-12-17T10:48:05","modified_gmt":"2025-12-17T13:48:05","slug":"programa-inscricoes","status":"publish","type":"page","link":"https:\/\/gelson.borsoi.com.br\/?page_id=134","title":{"rendered":"Inscri\u00e7\u00f5es aqui"},"content":{"rendered":"<p style=\"text-align: justify;\">O programa (execut\u00e1vel) foi substitu\u00eddo pelo ambiente WEB\u00a0e poder\u00e1 ser acessado atrav\u00e9s\u00a0do site <a href=\"https:\/\/sistema.borsoi.com.br\" target=\"_blank\" rel=\"noopener noreferrer\">https:\/\/sistema.borsoi.com.br<\/a><\/p>\n<p style=\"text-align: justify;\">Usu\u00e1rios j\u00e1 cadastrados poder\u00e3o ser visualizadas <a href=\"http:\/\/gelson.borsoi.com.br\/Usuarios.HTML\" target=\"_blank\" rel=\"noopener noreferrer\">aqui<\/a>. S\u00f3 \u00e9 permitido um usu\u00e1rio por entidade.<\/p>\n<p style=\"text-align: justify;\">Clique <a href=\"http:\/\/gelson.borsoi.com.br\/?page_id=156\">aqui <\/a>para solicitar usu\u00e1rio e senha de acesso caso n\u00e3o tenha.<\/p>\n<p><span style=\"text-align: justify;\">Abaixo o v\u00eddeo explicando como utilizar o site de inscri\u00e7\u00f5es e mais abaixo o programa e tamb\u00e9m o complemento do mesmo.<\/span><\/p>\n\n\n<figure class=\"wp-block-video\"><video controls src=\"https:\/\/gelson.borsoi.com.br\/InscricoesWebVideo.mp4\"><\/video><\/figure>\n","protected":false},"excerpt":{"rendered":"<p>O programa (execut\u00e1vel) foi substitu\u00eddo pelo ambiente WEB\u00a0e poder\u00e1 ser acessado atrav\u00e9s\u00a0do site https:\/\/sistema.borsoi.com.br Usu\u00e1rios j\u00e1 cadastrados poder\u00e3o ser visualizadas aqui. S\u00f3 \u00e9 permitido um usu\u00e1rio por entidade. Clique aqui para solicitar usu\u00e1rio e senha de acesso caso n\u00e3o tenha. Abaixo o v\u00eddeo explicando como utilizar o site de inscri\u00e7\u00f5es e mais abaixo o programa &hellip; <a href=\"https:\/\/gelson.borsoi.com.br\/?page_id=134\" class=\"more-link\">Continue lendo <span class=\"screen-reader-text\">Inscri\u00e7\u00f5es aqui<\/span> <span class=\"meta-nav\">&rarr;<\/span><\/a><\/p>\n","protected":false},"author":1,"featured_media":0,"parent":0,"menu_order":0,"comment_status":"open","ping_status":"open","template":"","meta":{"_monsterinsights_skip_tracking":false,"_monsterinsights_sitenote_active":false,"_monsterinsights_sitenote_note":"","_monsterinsights_sitenote_category":0,"footnotes":""},"class_list":["post-134","page","type-page","status-publish","hentry"],"_links":{"self":[{"href":"https:\/\/gelson.borsoi.com.br\/index.php?rest_route=\/wp\/v2\/pages\/134","targetHints":{"allow":["GET"]}}],"collection":[{"href":"https:\/\/gelson.borsoi.com.br\/index.php?rest_route=\/wp\/v2\/pages"}],"about":[{"href":"https:\/\/gelson.borsoi.com.br\/index.php?rest_route=\/wp\/v2\/types\/page"}],"author":[{"embeddable":true,"href":"https:\/\/gelson.borsoi.com.br\/index.php?rest_route=\/wp\/v2\/users\/1"}],"replies":[{"embeddable":true,"href":"https:\/\/gelson.borsoi.com.br\/index.php?rest_route=%2Fwp%2Fv2%2Fcomments&post=134"}],"version-history":[{"count":37,"href":"https:\/\/gelson.borsoi.com.br\/index.php?rest_route=\/wp\/v2\/pages\/134\/revisions"}],"predecessor-version":[{"id":1017,"href":"https:\/\/gelson.borsoi.com.br\/index.php?rest_route=\/wp\/v2\/pages\/134\/revisions\/1017"}],"wp:attachment":[{"href":"https:\/\/gelson.borsoi.com.br\/index.php?rest_route=%2Fwp%2Fv2%2Fmedia&parent=134"}],"curies":[{"name":"wp","href":"https:\/\/api.w.org\/{rel}","templated":true}]}}