{"id":156,"date":"2013-11-21T23:16:56","date_gmt":"2013-11-22T02:16:56","guid":{"rendered":"http:\/\/gelson.borsoi.com.br\/?page_id=156"},"modified":"2024-01-19T09:24:46","modified_gmt":"2024-01-19T12:24:46","slug":"usuario-e-senha","status":"publish","type":"page","link":"https:\/\/gelson.borsoi.com.br\/?page_id=156","title":{"rendered":"Usu\u00e1rio e Senha"},"content":{"rendered":"<p>Veja\u00a0<a href=\"http:\/\/gelson.borsoi.com.br\/Usuarios.HTML\" target=\"_blank\" rel=\"noopener noreferrer\">aqui<\/a>\u00a0as entidades com usu\u00e1rios j\u00e1 cadastrados.<\/p>\n<p style=\"text-align: left;\"><strong>Aten\u00e7\u00e3o!<\/strong><br \/>\n<strong>A solicita\u00e7\u00e3o de usu\u00e1rio e senha deve ser feita pelo respons\u00e1vel pelas inscri\u00e7\u00f5es da entidade uma vez que s\u00f3 \u00e9 permitido um usu\u00e1rio por entidade, ou seja, as inscri\u00e7\u00f5es devem ser centralizadas em um pessoa.<\/strong><\/p>\n<div role=\"form\" class=\"wpcf7\" id=\"wpcf7-f158-o1\" lang=\"pt-BR\" dir=\"ltr\">\n<div class=\"screen-reader-response\"><p role=\"status\" aria-live=\"polite\" aria-atomic=\"true\"><\/p> <ul><\/ul><\/div>\n<form action=\"\/index.php?rest_route=%2Fwp%2Fv2%2Fpages%2F156#wpcf7-f158-o1\" method=\"post\" class=\"wpcf7-form init\" novalidate=\"novalidate\" data-status=\"init\">\n<div style=\"display: none;\">\n<input type=\"hidden\" name=\"_wpcf7\" value=\"158\" \/>\n<input type=\"hidden\" name=\"_wpcf7_version\" value=\"5.5.6\" \/>\n<input type=\"hidden\" name=\"_wpcf7_locale\" value=\"pt_BR\" \/>\n<input type=\"hidden\" name=\"_wpcf7_unit_tag\" value=\"wpcf7-f158-o1\" \/>\n<input type=\"hidden\" name=\"_wpcf7_container_post\" value=\"0\" \/>\n<input type=\"hidden\" name=\"_wpcf7_posted_data_hash\" value=\"\" \/>\n<\/div>\n<p>Seu nome completo(obrigat\u00f3rio)<br \/>\n    <span class=\"wpcf7-form-control-wrap your-name\"><input type=\"text\" name=\"your-name\" value=\"\" size=\"40\" class=\"wpcf7-form-control wpcf7-text wpcf7-validates-as-required\" aria-required=\"true\" aria-invalid=\"false\" \/><\/span><br \/>\nSeu e-mail (obrigat\u00f3rio)<br \/>\n    <span class=\"wpcf7-form-control-wrap your-email\"><input type=\"email\" name=\"your-email\" value=\"\" size=\"40\" class=\"wpcf7-form-control wpcf7-text wpcf7-email wpcf7-validates-as-required wpcf7-validates-as-email\" aria-required=\"true\" aria-invalid=\"false\" \/><\/span> <\/p>\n<p>Usu\u00e1rio desejado (M\u00e1ximo 15 caracteres sem espa\u00e7os)<br \/>\n    <span class=\"wpcf7-form-control-wrap your-user\"><input type=\"text\" name=\"your-user\" value=\"\" size=\"40\" maxlength=\"15\" class=\"wpcf7-form-control wpcf7-text wpcf7-validates-as-required\" aria-required=\"true\" aria-invalid=\"false\" \/><\/span><br \/>\nSenha desejada (6 a 10 caracteres)<br \/>\n    <span class=\"wpcf7-form-control-wrap your-password\"><input type=\"text\" name=\"your-password\" value=\"\" size=\"40\" maxlength=\"10\" class=\"wpcf7-form-control wpcf7-text wpcf7-validates-as-required\" aria-required=\"true\" aria-invalid=\"false\" \/><\/span><br \/>\nNome Completo da Entidade que representa (obrigat\u00f3rio)<br \/>\n    <span class=\"wpcf7-form-control-wrap Entidade\"><input type=\"text\" name=\"Entidade\" value=\"\" size=\"40\" class=\"wpcf7-form-control wpcf7-text wpcf7-validates-as-required\" aria-required=\"true\" aria-invalid=\"false\" \/><\/span><br \/>\nCidade e Estado da Entidade (obrigat\u00f3rio)<br \/>\n    <span class=\"wpcf7-form-control-wrap Cidade\"><input type=\"text\" name=\"Cidade\" value=\"\" size=\"40\" class=\"wpcf7-form-control wpcf7-text wpcf7-validates-as-required\" aria-required=\"true\" aria-invalid=\"false\" \/><\/span><br \/>\nTelefone de Contato (obrigat\u00f3rio)<br \/>\n    <span class=\"wpcf7-form-control-wrap Telefone\"><input type=\"text\" name=\"Telefone\" value=\"\" size=\"40\" class=\"wpcf7-form-control wpcf7-text wpcf7-validates-as-required\" aria-required=\"true\" aria-invalid=\"false\" \/><\/span><\/p>\n<p>Evento para o qual deseja inserir inscri\u00e7\u00f5es neste momento (obrigat\u00f3rio)<br \/>\n    <span class=\"wpcf7-form-control-wrap Evento\"><input type=\"text\" name=\"Evento\" value=\"\" size=\"40\" class=\"wpcf7-form-control wpcf7-text wpcf7-validates-as-required\" aria-required=\"true\" aria-invalid=\"false\" \/><\/span><\/p>\n<p>Deixe uma mensagem se achar necess\u00e1rio <br \/>\n    <span class=\"wpcf7-form-control-wrap Mensagem\"><input type=\"text\" name=\"Mensagem\" value=\"\" size=\"40\" class=\"wpcf7-form-control wpcf7-text\" aria-invalid=\"false\" \/><\/span><\/p>\n<p><input type=\"submit\" value=\"Enviar\" class=\"wpcf7-form-control has-spinner wpcf7-submit\" \/><\/p>\n<p style=\"display: none !important;\" class=\"akismet-fields-container\" data-prefix=\"_wpcf7_ak_\"><label>&#916;<textarea name=\"_wpcf7_ak_hp_textarea\" cols=\"45\" rows=\"8\" maxlength=\"100\"><\/textarea><\/label><input type=\"hidden\" id=\"ak_js_1\" name=\"_wpcf7_ak_js\" value=\"16\"\/><script>document.getElementById( \"ak_js_1\" ).setAttribute( \"value\", ( new Date() ).getTime() );<\/script><\/p><div class=\"wpcf7-response-output\" aria-hidden=\"true\"><\/div><\/form><\/div>\n","protected":false},"excerpt":{"rendered":"<p>Veja\u00a0aqui\u00a0as entidades com usu\u00e1rios j\u00e1 cadastrados. Aten\u00e7\u00e3o! A solicita\u00e7\u00e3o de usu\u00e1rio e senha deve ser feita pelo respons\u00e1vel pelas inscri\u00e7\u00f5es da entidade uma vez que s\u00f3 \u00e9 permitido um usu\u00e1rio por entidade, ou seja, as inscri\u00e7\u00f5es devem ser centralizadas em um pessoa.<\/p>\n","protected":false},"author":1,"featured_media":0,"parent":0,"menu_order":0,"comment_status":"open","ping_status":"closed","template":"","meta":{"_monsterinsights_skip_tracking":false,"_monsterinsights_sitenote_active":false,"_monsterinsights_sitenote_note":"","_monsterinsights_sitenote_category":0,"footnotes":""},"class_list":["post-156","page","type-page","status-publish","hentry"],"_links":{"self":[{"href":"https:\/\/gelson.borsoi.com.br\/index.php?rest_route=\/wp\/v2\/pages\/156","targetHints":{"allow":["GET"]}}],"collection":[{"href":"https:\/\/gelson.borsoi.com.br\/index.php?rest_route=\/wp\/v2\/pages"}],"about":[{"href":"https:\/\/gelson.borsoi.com.br\/index.php?rest_route=\/wp\/v2\/types\/page"}],"author":[{"embeddable":true,"href":"https:\/\/gelson.borsoi.com.br\/index.php?rest_route=\/wp\/v2\/users\/1"}],"replies":[{"embeddable":true,"href":"https:\/\/gelson.borsoi.com.br\/index.php?rest_route=%2Fwp%2Fv2%2Fcomments&post=156"}],"version-history":[{"count":7,"href":"https:\/\/gelson.borsoi.com.br\/index.php?rest_route=\/wp\/v2\/pages\/156\/revisions"}],"predecessor-version":[{"id":800,"href":"https:\/\/gelson.borsoi.com.br\/index.php?rest_route=\/wp\/v2\/pages\/156\/revisions\/800"}],"wp:attachment":[{"href":"https:\/\/gelson.borsoi.com.br\/index.php?rest_route=%2Fwp%2Fv2%2Fmedia&parent=156"}],"curies":[{"name":"wp","href":"https:\/\/api.w.org\/{rel}","templated":true}]}}