{"id":941,"date":"2025-06-16T15:30:53","date_gmt":"2025-06-16T18:30:53","guid":{"rendered":"https:\/\/gelson.borsoi.com.br\/?page_id=941"},"modified":"2025-06-16T15:32:37","modified_gmt":"2025-06-16T18:32:37","slug":"sistema","status":"publish","type":"page","link":"https:\/\/gelson.borsoi.com.br\/?page_id=941","title":{"rendered":"Sistema"},"content":{"rendered":"\n<p>Informa\u00e7\u00f5es sobre o sistema de inscri\u00e7\u00f5es e rodeios art\u00edsticos<\/p>\n\n\n\n<p><strong>1 &#8211; Inscri\u00e7\u00f5es pela Internet:<\/strong> Desenvolvido para integrar-se ao sistema de controle de apresenta\u00e7\u00f5es art\u00edsticas, possibilita ao respons\u00e1vel de cada entidade cadastrada incluir concorrentes, montar e conferir grupos de dan\u00e7as, montar inscri\u00e7\u00f5es antecipadamente, excluir inscri\u00e7\u00f5es j\u00e1 efetivadas, imprimir relat\u00f3rios e verificar ordens de apresenta\u00e7\u00e3o, este \u00faltimo, se o promotor permitir.<\/p>\n\n\n\n<p>As inscri\u00e7\u00f5es s\u00f3 poder\u00e3o ser efetivadas se estiverem entre as datas inicial e final definidas. Antes da data de abertura, n\u00e3o poder\u00e3o ser enviadas inscri\u00e7\u00f5es, somente montadas. Ap\u00f3s o encerramento n\u00e3o poder\u00e3o ser inclu\u00eddas novas inscri\u00e7\u00f5es, somente exclus\u00f5es<\/p>\n\n\n\n<p><strong>2 &#8211; O sistema de controle de apresenta\u00e7\u00f5es art\u00edsticas<\/strong> pode atender os seguintes concursos:<\/p>\n\n\n\n<ul class=\"wp-block-list\">\n<li>Causo<\/li>\n\n\n\n<li>Chula<\/li>\n\n\n\n<li>Concurso de Pe\u00f5es<\/li>\n\n\n\n<li>Concurso de Prendas<\/li>\n\n\n\n<li>Conjunto Vocal<\/li>\n\n\n\n<li>Dan\u00e7as Birivas <\/li>\n\n\n\n<li>Dan\u00e7as de Sal\u00e3o<\/li>\n\n\n\n<li>Dan\u00e7as Tradicionais<\/li>\n\n\n\n<li>Declama\u00e7\u00e3o<\/li>\n\n\n\n<li>Instrumentais (Gaita, Viol\u00e3o, etc)<\/li>\n\n\n\n<li>Jogos Tradicionalistas<\/li>\n\n\n\n<li>Payadas<\/li>\n\n\n\n<li>Poesia In\u00e9dita<\/li>\n\n\n\n<li>Solista Vocal<\/li>\n\n\n\n<li>Trova<\/li>\n<\/ul>\n\n\n\n<p>O sistema de controle de apresenta\u00e7\u00f5es art\u00edsticas \u00e9 de certa forma male\u00e1vel, ou seja, pode emitir planilhas de maneira personalizada conforme abaixo:<\/p>\n\n\n\n<ul class=\"wp-block-list\">\n<li>Declama\u00e7\u00e3o: at\u00e9 6 quesitos e at\u00e9 4 avaliadores<\/li>\n\n\n\n<li>Solista Vocal: at\u00e9 5 quesitos e at\u00e9 4 avaliadores<\/li>\n\n\n\n<li>Instrumentais: at\u00e9 5 quesitos e at\u00e9 4 avaliadores<\/li>\n\n\n\n<li>Conjunto Vocal: at\u00e9 7 quesitos e at\u00e9 4 avaliadores<\/li>\n\n\n\n<li>Dan\u00e7as de Sal\u00e3o: Planilha da CBTG ou Similar a dan\u00e7a tradicional campesina<\/li>\n\n\n\n<li>Dan\u00e7as Tradicionais: Modelo do MTG\/SC ou FEGADAN com possibilidade de somar ou descontar indument\u00e1ria, personalizar valores dos quesitos de m\u00fasica, harmonia, interpreta\u00e7\u00e3o e coreografia.<\/li>\n<\/ul>\n\n\n\n<p>Sistema disp\u00f5e de controle autom\u00e1tico de <strong>lista de espera<\/strong> nos concursos que tenham limite de inscritos. Ao excluir uma inscri\u00e7\u00e3o, o sistema automaticamente efetiva o primeiro concorrente da lista de espera na categoria em quest\u00e3o.<\/p>\n\n\n\n<p>Qualquer outra informa\u00e7\u00e3o atrav\u00e9s da p\u00e1gina de contato <a href=\"https:\/\/gelson.borsoi.com.br\/?page_id=102\">aqui<\/a><\/p>\n","protected":false},"excerpt":{"rendered":"<p>Informa\u00e7\u00f5es sobre o sistema de inscri\u00e7\u00f5es e rodeios art\u00edsticos 1 &#8211; Inscri\u00e7\u00f5es pela Internet: Desenvolvido para integrar-se ao sistema de controle de apresenta\u00e7\u00f5es art\u00edsticas, possibilita ao respons\u00e1vel de cada entidade cadastrada incluir concorrentes, montar e conferir grupos de dan\u00e7as, montar inscri\u00e7\u00f5es antecipadamente, excluir inscri\u00e7\u00f5es j\u00e1 efetivadas, imprimir relat\u00f3rios e verificar ordens de apresenta\u00e7\u00e3o, este \u00faltimo, &hellip; <a href=\"https:\/\/gelson.borsoi.com.br\/?page_id=941\" class=\"more-link\">Continue lendo <span class=\"screen-reader-text\">Sistema<\/span> <span class=\"meta-nav\">&rarr;<\/span><\/a><\/p>\n","protected":false},"author":1,"featured_media":0,"parent":0,"menu_order":0,"comment_status":"closed","ping_status":"closed","template":"","meta":{"_monsterinsights_skip_tracking":false,"_monsterinsights_sitenote_active":false,"_monsterinsights_sitenote_note":"","_monsterinsights_sitenote_category":0,"footnotes":""},"class_list":["post-941","page","type-page","status-publish","hentry"],"_links":{"self":[{"href":"https:\/\/gelson.borsoi.com.br\/index.php?rest_route=\/wp\/v2\/pages\/941","targetHints":{"allow":["GET"]}}],"collection":[{"href":"https:\/\/gelson.borsoi.com.br\/index.php?rest_route=\/wp\/v2\/pages"}],"about":[{"href":"https:\/\/gelson.borsoi.com.br\/index.php?rest_route=\/wp\/v2\/types\/page"}],"author":[{"embeddable":true,"href":"https:\/\/gelson.borsoi.com.br\/index.php?rest_route=\/wp\/v2\/users\/1"}],"replies":[{"embeddable":true,"href":"https:\/\/gelson.borsoi.com.br\/index.php?rest_route=%2Fwp%2Fv2%2Fcomments&post=941"}],"version-history":[{"count":3,"href":"https:\/\/gelson.borsoi.com.br\/index.php?rest_route=\/wp\/v2\/pages\/941\/revisions"}],"predecessor-version":[{"id":945,"href":"https:\/\/gelson.borsoi.com.br\/index.php?rest_route=\/wp\/v2\/pages\/941\/revisions\/945"}],"wp:attachment":[{"href":"https:\/\/gelson.borsoi.com.br\/index.php?rest_route=%2Fwp%2Fv2%2Fmedia&parent=941"}],"curies":[{"name":"wp","href":"https:\/\/api.w.org\/{rel}","templated":true}]}}